{"id":6188,"date":"2018-10-02T14:16:16","date_gmt":"2018-10-02T14:16:16","guid":{"rendered":"http:\/\/www.isa.cnr.it\/web\/?page_id=6188"},"modified":"2021-01-07T12:47:57","modified_gmt":"2021-01-07T12:47:57","slug":"publications-2018","status":"publish","type":"page","link":"https:\/\/www.isa.cnr.it\/web\/?page_id=6188","title":{"rendered":"Publications 2018"},"content":{"rendered":"<h3 style=\"text-align: justify;\" align=\"center\">Elenco Contributi in rivista anno 2018<\/h3>\n<p>De Filippis F.; Parente E.; Zotta T.; Ercolini D.<br \/>\nA comparison of bioinformatic approaches for 16S rRNA gene profiling of food bacterial microbiota<\/p>\n<p>Cennamo, Nunzio; Zeni, Luigi; Tortora, Paolo; Regonesi, Maria Elena; Giusti, Alessandro; Staiano, Maria; D&#8217;Auria, Sabato; Varriale, Antonio<br \/>\nA High Sensitivity Biosensor to detect the presence of perfluorinated compounds in environment<\/p>\n<p>Vitale M.; Bianchi M.A.; Rapetti V.; Pepe J.M.; Giacco A.; Giacco R.; Riccardi G.<br \/>\nA nutritional intervention programme at a worksite canteen to promote a healthful lifestyle inspired by the traditional Mediterranean diet<\/p>\n<p>Anna Maria Salzano, Anatoly Sobolev, Virginia Carbone, Milena Petriccione, Giovanni Renzone, Donatella Capitani, Monica Vitale, Paola Minasi, Maria Silvia Pasquariello, Gianfranco Novi, Nicola Zambrano, Marco Scortichini, Luisa Mannina, Andrea Scaloni<br \/>\nA proteometabolomic study of Actinidia deliciosa fruit development<\/p>\n<p>Maresca D.; Zotta T.; Mauriello G.<br \/>\nAdaptation to aerobic environment of Lactobacillus johnsonii\/gasseri strains<\/p>\n<p>Vitale M.; Racca E.; Izzo A.; Giacco A.; Parente E.; Riccardi G.; Giacco R.<br \/>\nAdherence to the traditional Mediterranean diet in a population of South of Italy: factors involved and proposal of an educational field-based survey tool<\/p>\n<p>Zotta T.; Ricciardi A.; Ianniello R.G.; Storti L.V.; Glibota N.A.; Parente E.<br \/>\nAerobic and respirative growth of heterofermentative lactic acid bacteria: A screening study<\/p>\n<p>Spagnuolo, Carmela; Moccia, Stefania; Russo, Gian Luigi<br \/>\nAnti-inflammatory effects of flavonoids in neurodegenerative disorders<\/p>\n<p>Martano M, Stiuso P, Facchiano A, De Maria S, Vanacore D, Restucci B, Rubini C, Caraglia M, Ravagnan G, Lo Muzio L.<br \/>\nAryl hydrocarbon receptor, a tumor grade-associated marker of oral cancer, is directly downregulated by polydatin: A pilot study.<\/p>\n<p>Hannah S. Jilani1,2, Hermann Pohlabeln1, Kirsten Buchecker3, Wencke Gwozdz4, Stefaan De Henauw5, Gabriele Eiben6,7, De\u00c2nes Molnar8, Luis A. Moreno9, Valeria Pala10, Lucia Reisch4, Paola Russo11, Toomas Veidebaum12, Wolfgang Ahrens1,13, Antje Hebestreit1, on behalf of the IDEFICS consortium<br \/>\nAssociation between parental consumer attitudes with their children&#8217;s sensory taste preferences as well as their food choice<\/p>\n<p>Zaqout M, Michels N, Ahrens W, B\u00f6rnhorst C, Moln\u00e1r D, Moreno LA, Eiben G, Siani A, Papoutsou S, Veidebaum T, De Henauw S; IDEFICS consortium.<br \/>\nAssociations between exclusive breastfeeding and physical fitness during childhood<\/p>\n<p>Langeheine, Malte; Pohlabeln, Hermann; Lauria, Fabio; Veidebaum, Toomas; Tornaritis, Michael; Molnar, Denes; Eiben, Gabriele; de Henauw, Stefaan; Moreno, Luis A.; Williams, Garrath; Ahrens, Wolfgang; Rach, Stefan<br \/>\nAttrition in the European Child Cohort IDEFICS\/I. Family: Exploring Associations Between Attrition and Body Mass Index<\/p>\n<p>Russo, Maria; Russo, Gian Luigi<br \/>\nAutophagy inducers in cancer<\/p>\n<p>Castello, Fabio; Costabile, Giuseppina; Bresciani, Letizia; Tassotti, Michele; Naviglio, Daniele; Luongo, Delia; Ciciola, Paola; Vitale, Marilena; Vetrani, Claudia; Galaverna, Gianni; Brighenti, Furio; Giacco, Rosalba; Del Rio, Daniele; Mena, Pedro<br \/>\nBioavailability and pharmacokinetic profile of grape pomace phenolic compounds in humans<\/p>\n<p>Maria Stefania Spagnuolo, Paolo Bergamo, Raffaella Crescenzo, Lucia Iannotta, Lucia Treppiccione, Susanna Iossa, Luisa Cigliano<br \/>\nBrain Nrf2 pathway, autophagy, and synaptic function proteins are modulated by a short-term fructose feeding in young and adult rats<\/p>\n<p>Kirsten Mehlig1, Leonie H Bogl2,3, Monica Hunsberger1, Wolfgang Ahrens3,4, Stefaan De Henauw5, Isabel Iguacel6, Hannah Jilani3, D\u00e9nes Moln\u00e1r7, Valeria Pala8, Paola Russo9, Michael Tornaritis10, Toomas Veidebaum11, Jaakko Kaprio2,12 and Lauren Lissner1<br \/>\nChildren&#8217;s propensity to consume sugar and fat predicts regular alcohol consumption in adolescence.<\/p>\n<p>Monaco A, Ferrandino I, Boscaino F, Cocca E, Cigliano L, Maurano F, Luongo D, Spagnuolo MS, Rossi M, Bergamo P.<br \/>\nConjugated linoleic acid prevents age-dependent neurodegeneration in a mouse model of neuropsychiatric lupus via the activation of an adaptive response.<\/p>\n<p>Nabavi, Seyed Mohammad; Russo, Gian Luigi; Tedesco, Idolo; Daglia, Maria; Orhan, Ilkay Erdogan; Nabavi, Seyed Fazel; Bishayee, Anupam; Venkata, Kalyan C. Nagulapalli; Abdollahi, Mohammad; Hajheydari, Zohreh<br \/>\nCurcumin and Melanoma: From Chemistry to Medicine<\/p>\n<p>Iacoviello, L.; Bonaccio, M.; Cairella, G.; Catani, M. V.; Costanzo, S.; D&#8217;Elia, L.; Giacco, R.; Rendina, D.; Sabino, P.; Savini, I.; Strazzullo, P.<br \/>\nDiet and primary prevention of stroke: Systematic review and dietary recommendations by the ad hoc Working Group of the Italian Society of Human Nutrition<\/p>\n<p>K\u00e4rkk\u00e4inen O, Lankinen MA, Vitale M, Jokkala J, Lepp\u00e4nen J, Koistinen V, Lehtonen M, Giacco R, Rosa-Sibakov N, Micard V, Rivellese AAA, Schwab U, Mykk\u00e4nen H, Uusitupa M, Kolehmainen M, Riccardi G, Poutanen K, Auriola S, Hanhineva K.<br \/>\nDiets rich in whole grains increase betainized compounds associated with glucose metabolism.<\/p>\n<p>Hadjigeorgiou, Charalambos; Solea, Antonia; Estecha Querol, Sara; Keski-Rahkonen, Anna; Michels, Nathalie; Russo, Paola; Thumann, Barbara Franziska; Pala, Valeria; Danner, Unna<br \/>\nDisordered eating in three different age groups in Cyprus: a comparative cross-sectional study<\/p>\n<p>Smaldone, Giovanni; Berisio, Rita; Balasco, Nicole; D&#8217;Auria, Sabato; Vitagliano, Luigi; Ruggiero, Alessia<br \/>\nDomain swapping dissection in Thermotoga maritima arginine binding protein: How structural flexibility may compensate destabilization<\/p>\n<p>Coumans, Juul M. J.; Danner, Unna N.; Intemann, Timm; De Decker, Annelies; Hadjigeorgiou, Charalambos; Hunsberger, Monica; Moreno, Luis A.; Russo, Paola; Stomfai, Sarolta; Veidebaum, Toomas; Adan, Roger A. H.; Hebestreit, Antje<br \/>\nEmotion-driven impulsiveness and snack food consumption of European adolescents: Results from the I.Family study<\/p>\n<p>Ricciardi A.; Ianniello R.G.; Parente E.; Zotta T.<br \/>\nFactors affecting gene expression and activity of heme- and manganese-dependent catalases in Lactobacillus casei strains<\/p>\n<p>Santaliestra-Pasias, Alba M; Dios, Jaime E Llamas; Sprengeler, Ole; Hebestreit, Antje; De Henauw, Stefaan; Eiben, Gabriele; Felso, Regina; Lauria, Fabio; Tornaritis, Michael; Veidebaum, Toomas; Pala, Valeria; Moreno, Luis A<br \/>\nFood and beverage intakes according to physical activity levels in European children: the IDEFICS (Identification and prevention of Dietary and lifestyle induced health EFfects In Children and infantS) study.<\/p>\n<p>M. Carbonaro and F. Ripanti and A. Filabozzi and V. Minicozzi and F. Stellato and E. Placidi and S. Morante and A. Di Venere and E. Nicolai and P. Postorino and A. Nucara<br \/>\nHuman insulin fibrillogenesis in the presence of epigallocatechin gallate and melatonin: Structural insights from a biophysical approach<\/p>\n<p>Picariello G.; Di Stasio L.; Mamone G.; Iacomino G.; Venezia A.; Iannaccone N.; Ferranti P.; Coppola R.; Addeo F.<br \/>\nIdentification of enzyme origin in dough improvers: DNA-based and proteomic approaches<\/p>\n<p>Paola Pedata1,, Giulia Ricci1,, Livia Malorni2, Antonella Venezia2, Marcella Cammarota1, Maria Grazia Volpe2, Nunzia Iannaccone2, Vincenzo Guida1, Chiara Schirardi1, Marco Romano3, Giuseppe Iacomino2<br \/>\nIn vitro intestinal epithelium responses to titanium dioxide nanoparticles<\/p>\n<p>Gonz\u00e1lez-Gil EM, Cadenas-Sanchez C, Santab\u00e1rbara J, Bueno-Lozano G, Iglesia I, Gonz\u00e1lez-Gross M, Molnar D, Gottrand F, De Henauw S, Kafatos A, Widhalm K, Manios Y, Siani A, Amaro-Gahete F, Rup\u00e9rez AI, Ca\u00f1ada D, Censi L, Kersting M, Dallongeville J, Marcos A, Ortega FB, Moreno LA; HELENA study group.<br \/>\nInflammation in metabolically healthy and metabolically abnormal adolescents: The HELENA study<\/p>\n<p>Vetrani, Claudia; Sestili, Francesco; Vitale, Marilena; Botticella, Ermelinda; Giacco, Rosalba; Griffo, Ettore; Costabile, Giuseppina; Cipriano, Paola; Tura, Andrea; Pacini, Giovanni; Rivellese, Angela A.; Lafiandra, Domenico; Riccardi, Gabriele<br \/>\nMetabolic response to amylose-rich wheat-based rusks in overweight individuals<\/p>\n<p>Russo, Maria; Spagnuolo, Carmela; Russo, Gian Luigi; Skalicka-Wozniak, Krystyna; Daglia, Maria; Sobarzo-Sanchez, Eduardo; Nabavi, Seyed Fazel; Nabavi, Seyed Mohammad<br \/>\nNrf2 targeting by sulforaphane: A potential therapy for cancer treatment<\/p>\n<p>Santagata G., Mallardo S., Fasulo G., Lavermicocca P., Valerio F., Di Biase M., Di Stasio M., Malinconico M., Volpe M. G.<br \/>\nPectin-honey coating as novel dehydrating bioactive agent for cut fruit: enhancements of the functional properties of coated dried fruits<\/p>\n<p>Frank, David; Naseem, Shamoon; Russo, Gian Luigi; Li, Cindy; Parashar, Kaustubh; Konopka, James B.; Carpino, Nick<br \/>\nPhagocytes from Mice Lacking the Sts Phosphatases Have an Enhanced Antifungal Response to Candida albicans<\/p>\n<p>Gonz\u00e1lez-Gil EM, Tognon G, Lissner L, Intemann T, Pala V, Galli C, Wolters M, Siani A, Veidebaum T, Michels N, Molnar D, Kaprio J, Kourides Y, Fraterman A, Iacoviello L, Pic\u00f3 C, Fern\u00e1ndez-Alvira JM, Moreno Aznar LA; IDEFICS Consortium.<br \/>\nProspective associations between dietary patterns and high sensitivity C-reactive protein in European children: the IDEFICS study<\/p>\n<p>Iguacel I, Fern\u00e1ndez-Alvira JM, Ahrens W, Bammann K, Gwozdz W, Lissner L, Michels N, Reisch L, Russo P, Szommer A, Tornaritis M, Veidebaum T, B\u00f6rnhorst C, Moreno LA; IDEFICS consortium.<br \/>\nProspective associations between social vulnerabilities and children&#8217;s weight status. Results from the IDEFICS study.<\/p>\n<p>Iguacel I.; Michels N.; Ahrens W.; Bammann K.; Eiben G.; Fernandez-Alvira J.M.; Marild S.; Molnar D.; Reisch L.; Russo P.; Tornaritis M.; Veidebaum T.; Wolters M.; Moreno L.A.; Bornhorst C.<br \/>\nProspective associations between socioeconomically disadvantaged groups and metabolic syndrome risk in European children. Results from the IDEFICS study<\/p>\n<p>Papa, Francesco; Siciliano, Rosa Anna; Inchingolo, Francesco; Mazzeo, Maria Fiorella; Scacco, Salvatore; Lippolis, Rosa<br \/>\nProteomics pattern associated with gingival oral squamous cell carcinoma and epulis: A case analysis<\/p>\n<p>Cozzolino, R, Cefola M, Pace, B, Malorni L., Martignetti A, Montemurro N, Pellicano MP,<br \/>\nQuality, sensory and volatile profiles of fresh-cut big top nectarines cold stored in air or modified atmosphere packaging<\/p>\n<p>Mazzeo MF, Cacace G, Iovieno P, Massarelli I, Grillo S, Siciliano RA<br \/>\nResponse mechanisms induced by exposure to high temperature in anthers from thermo-tolerant and thermo-sensitive tomato plants: A proteomic perspective.<\/p>\n<p>Capo A, Sepe R, Pellino G, Milone M, Malapelle U, Pellecchia S, Pepe F, Cacciola NA, Manigrasso M, Bruzzaniti S, Sciaudone G, De Palma GD, Galgani M, Selvaggi F, Troncone G, Fusco A, D&#8217;Auria S, Pallante P.<br \/>\nSetting up and exploitation of a nano\/technological platform for the evaluation of HMGA1b protein in peripheral blood of cancer patients.<\/p>\n<p>Iguacel, Isabel; Fernandez-Alvira, Juan M; Bammann, Karin; Chadjigeorgiou, Charalambos; De Henauw, Stefaan; Heidinger-Felso, Regina; Lissner, Lauren; Michels, Nathalie; Page, Angie; Reisch, Lucia A; Russo, Paola; Sprengeler, Ole; Veidebaum, Toomas; Bornhorst, Claudia; Moreno, Luis A<br \/>\nSocial vulnerability as a predictor of physical activity and screen time in European children.<\/p>\n<p>Braghieri A.; Zotta T.; Morone G.; Piazzolla N.; Majlesi M.; Napolitano F.<br \/>\nStarter cultures and preservation liquids modulate consumer liking and shelf life of mozzarella cheese<\/p>\n<p>Parente E.; Zotta T.; Faust K.; De Filippis F.; Ercolini D.<br \/>\nStructure of association networks in food bacterial communities<\/p>\n<p>Costabile G.; Griffo E.; Cipriano P.; Vetrani C.; Vitale M.; Mamone G.; Rivellese A.A.; Riccardi G.; Giacco R.<br \/>\nSubjective satiety and plasma PYY concentration after wholemeal pasta<\/p>\n<p>Balthazar, Celso F.; Silva, Hugo L. A.; Esmerino, Erick A.; Rocha, Ramon S.; Moraes, Jeremias; Carmo, Mariana A. V.; Azevedo, Luciana; Camps, Ihosvany; Abud, Yuri K. D.; Sant&#8217;Anna, Celso; Franco, Robson M.; Freitas, Monica Q.; Silva, Marcia C.; Raices, Renata S. L.; Escher, Graziela B.; Granato, Daniel; Ranadheera, C. Senaka; Nazzaro, Filomena; Cruz, Adriano G.<br \/>\nThe addition of inulin and Lactobacillus casei 01 in sheep milk ice cream (vol 246, pg 464, 2018)<\/p>\n<p>Volpe V., Chitarra, W., Cascone P., Volpe M.G., Bartolini P., Moneti G., Pieraccini G., Di Serio C., Maserti B., Guerrieri E., Balestrini R.<br \/>\nThe Association With Two Different Arbuscular Mycorrhizal Fungi Differently Affects Water Stress Tolerance in Tomato<\/p>\n<p>d&#8217;Acierno, Antonio; Scafuri, Bernardina; Facchiano, Angelo; Marabotti, Anna<br \/>\nThe evolution of a Web resource: The Galactosemia Proteins Database 2.0.<\/p>\n<p>Dello Russo M, Ahrens W, De Henauw S, Eiben G, Hebestreit A , Kourides Y, Lissner L, Molnar D, Moreno LA, Pala V, Veidebaum T, Siani A, Russo P and on behalf of the IDEFICS Consortium.<br \/>\nThe Impact of Adding Sugars to Milk and Fruit on Adiposity and Diet Quality in Children: A Cross-Sectional and Longitudinal Analysis of the Identification and Prevention of Dietary- and Lifestyle-Induced Health Effects in Children and Infants (IDEFICS) Study.<\/p>\n<p>Capo A.; Pennacchio A.; Varriale A.; D&#8217;Auria S.; Staiano M.<br \/>\nThe porcine odorant-binding protein as molecular probe for benzene detection<\/p>\n<p>Papoutsou S, Savva SC, Hunsberger M, Jilani H, Michels N, Ahrens W, Tornaritis M, Veidebaum T, Moln\u00e1r D, Siani A, Moreno LA, Hadjigeorgiou C; IDEFICS consortium.<br \/>\nTiming of solid food introduction and association with later childhood overweight and obesity: The IDEFICS study<\/p>\n<p>Timm Intemann1,2 \u00b7 Iris Pigeot1,2 \u00b7 Stefaan De Henauw3 \u00b7 Gabriele Eiben4,5 \u00b7 Lauren Lissner4 \u00b7 Vittorio Krogh6 \u00b7 Katarzyna Dere7 \u00b7 D\u00e9nes Moln\u00e1r8 \u00b7 Luis A. Moreno9 \u00b7 Paola Russo10 \u00b7 Alfonso Siani10 \u00b7 Ivana Sirangelo11 \u00b7 Michael Tornaritis12 \u00b7 Toomas Veidebaum13 \u00b7 Valeria Pala6 \u00b7 On behalf of the I.Family consortium<br \/>\nUrinary sucrose and fructose to validate self-reported sugar intake in children and adolescents: results from the I.Family study.<\/p>\n<p>Caterino M.; Zacchia M.; Costanzo M.; Bruno G.; Arcaniolo D.; Trepiccione F.; Sicilianog R.A.; Mazzeo M.F.; Ruoppolo M.; Capasso G.<br \/>\nUrine proteomics revealed a significant correlation between urine-Fibronectin abundance and estimated-GFR decline in patients with bardet-Biedl syndrome<\/p>\n<p>Siani, A.<br \/>\nWelcome from the new Editor-in-Chief<\/p>\n<p>&nbsp;<\/p>\n<h3 style=\"text-align: justify;\" align=\"center\">Contributi in Volume anno 2018<\/h3>\n<p>S. Mallardo, V. De Vito, M. Malinconico, M. G. Volpe, G. Santagata, M. L. Di Lorenzo<br \/>\nBiodegradable Poly (Butylene Succinate)-Based Composites for Food Packaging<\/p>\n<p>Russo, Gian Luigi; Ungaro, Paola<br \/>\nEpigenetic Mechanisms of Quercetin and Other Flavonoids in Cancer Therapy and Prevention<\/p>\n<p>Giuseppe Iacomino, Vera Rotondi Aufiero, Pasquale Marena, Antonella Venezia, Riccardo Troncone, Salvatore Auricchio, and Giuseppe Mazzarella<br \/>\nLaser Capture Microdissection as a Tool to Study the Mucosal Immune Response in Celiac Disease<\/p>\n<p>Paola Russo, Fabio Lauria, and Alfonso Siani<br \/>\nRegulation of Potassium Homeostasis<\/p>\n<h3 style=\"text-align: justify;\" align=\"center\">Elenco Contributi in atti di convegno anno 2018<\/h3>\n<p>C Buck, F Lauria, G Eiben, K Konstabel, A Page, I Pigeot, W Ahrens<br \/>\nA longitudinal study of urban moveability and physical activity in the transition phase from childhood to adolescence<\/p>\n","protected":false},"excerpt":{"rendered":"<p>Elenco Contributi in rivista anno 2018 De Filippis F.; Parente E.; Zotta T.; Ercolini D. A comparison of bioinformatic approaches for 16S rRNA gene profiling of food bacterial microbiota Cennamo, Nunzio; Zeni, Luigi; Tortora, Paolo; Regonesi, Maria Elena; Giusti, Alessandro;&#8230;<br \/><a class=\"read-more-button\" href=\"https:\/\/www.isa.cnr.it\/web\/?page_id=6188\">Leggi il seguito<\/a><\/p>\n","protected":false},"author":2,"featured_media":0,"parent":80,"menu_order":2018,"comment_status":"closed","ping_status":"closed","template":"","meta":{"ngg_post_thumbnail":0,"footnotes":""},"yoast_head":"<!-- This site is optimized with the Yoast SEO plugin v23.5 - https:\/\/yoast.com\/wordpress\/plugins\/seo\/ -->\n<title>Publications 2018 - ISTITUTO DI SCIENZE DELL&#039; ALIMENTAZIONE - CNR<\/title>\n<meta name=\"robots\" content=\"index, follow, max-snippet:-1, max-image-preview:large, max-video-preview:-1\" \/>\n<link rel=\"canonical\" href=\"https:\/\/www.isa.cnr.it\/web\/?page_id=6188\" \/>\n<meta property=\"og:locale\" content=\"it_IT\" \/>\n<meta property=\"og:type\" content=\"article\" \/>\n<meta property=\"og:title\" content=\"Publications 2018 - ISTITUTO DI SCIENZE DELL&#039; ALIMENTAZIONE - CNR\" \/>\n<meta property=\"og:description\" content=\"Elenco Contributi in rivista anno 2018 De Filippis F.; Parente E.; Zotta T.; Ercolini D. A comparison of bioinformatic approaches for 16S rRNA gene profiling of food bacterial microbiota Cennamo, Nunzio; Zeni, Luigi; Tortora, Paolo; Regonesi, Maria Elena; Giusti, Alessandro;...Leggi il seguito\" \/>\n<meta property=\"og:url\" content=\"https:\/\/www.isa.cnr.it\/web\/?page_id=6188\" \/>\n<meta property=\"og:site_name\" content=\"ISTITUTO DI SCIENZE DELL&#039; ALIMENTAZIONE - CNR\" \/>\n<meta property=\"article:modified_time\" content=\"2021-01-07T12:47:57+00:00\" \/>\n<meta name=\"twitter:label1\" content=\"Tempo di lettura stimato\" \/>\n\t<meta name=\"twitter:data1\" content=\"11 minuti\" \/>\n<script type=\"application\/ld+json\" class=\"yoast-schema-graph\">{\"@context\":\"https:\/\/schema.org\",\"@graph\":[{\"@type\":\"WebPage\",\"@id\":\"https:\/\/www.isa.cnr.it\/web\/?page_id=6188\",\"url\":\"https:\/\/www.isa.cnr.it\/web\/?page_id=6188\",\"name\":\"Publications 2018 - ISTITUTO DI SCIENZE DELL&#039; ALIMENTAZIONE - CNR\",\"isPartOf\":{\"@id\":\"https:\/\/www.isa.cnr.it\/web\/#website\"},\"datePublished\":\"2018-10-02T14:16:16+00:00\",\"dateModified\":\"2021-01-07T12:47:57+00:00\",\"breadcrumb\":{\"@id\":\"https:\/\/www.isa.cnr.it\/web\/?page_id=6188#breadcrumb\"},\"inLanguage\":\"it-IT\",\"potentialAction\":[{\"@type\":\"ReadAction\",\"target\":[\"https:\/\/www.isa.cnr.it\/web\/?page_id=6188\"]}]},{\"@type\":\"BreadcrumbList\",\"@id\":\"https:\/\/www.isa.cnr.it\/web\/?page_id=6188#breadcrumb\",\"itemListElement\":[{\"@type\":\"ListItem\",\"position\":1,\"name\":\"Home\",\"item\":\"https:\/\/www.isa.cnr.it\/web\/\"},{\"@type\":\"ListItem\",\"position\":2,\"name\":\"Publications\",\"item\":\"https:\/\/www.isa.cnr.it\/web\/?page_id=80\"},{\"@type\":\"ListItem\",\"position\":3,\"name\":\"Pubblicazioni 2018\"}]},{\"@type\":\"WebSite\",\"@id\":\"https:\/\/www.isa.cnr.it\/web\/#website\",\"url\":\"https:\/\/www.isa.cnr.it\/web\/\",\"name\":\"ISTITUTO DI SCIENZE DELL&#039; ALIMENTAZIONE - CNR\",\"description\":\"INSTITUTE OF FOOD SCIENCES - CNR\",\"potentialAction\":[{\"@type\":\"SearchAction\",\"target\":{\"@type\":\"EntryPoint\",\"urlTemplate\":\"https:\/\/www.isa.cnr.it\/web\/?s={search_term_string}\"},\"query-input\":{\"@type\":\"PropertyValueSpecification\",\"valueRequired\":true,\"valueName\":\"search_term_string\"}}],\"inLanguage\":\"it-IT\"}]}<\/script>\n<!-- \/ Yoast SEO plugin. -->","yoast_head_json":{"title":"Publications 2018 - ISTITUTO DI SCIENZE DELL&#039; ALIMENTAZIONE - CNR","robots":{"index":"index","follow":"follow","max-snippet":"max-snippet:-1","max-image-preview":"max-image-preview:large","max-video-preview":"max-video-preview:-1"},"canonical":"https:\/\/www.isa.cnr.it\/web\/?page_id=6188","og_locale":"it_IT","og_type":"article","og_title":"Publications 2018 - ISTITUTO DI SCIENZE DELL&#039; ALIMENTAZIONE - CNR","og_description":"Elenco Contributi in rivista anno 2018 De Filippis F.; Parente E.; Zotta T.; Ercolini D. A comparison of bioinformatic approaches for 16S rRNA gene profiling of food bacterial microbiota Cennamo, Nunzio; Zeni, Luigi; Tortora, Paolo; Regonesi, Maria Elena; Giusti, Alessandro;...Leggi il seguito","og_url":"https:\/\/www.isa.cnr.it\/web\/?page_id=6188","og_site_name":"ISTITUTO DI SCIENZE DELL&#039; ALIMENTAZIONE - CNR","article_modified_time":"2021-01-07T12:47:57+00:00","twitter_misc":{"Tempo di lettura stimato":"11 minuti"},"schema":{"@context":"https:\/\/schema.org","@graph":[{"@type":"WebPage","@id":"https:\/\/www.isa.cnr.it\/web\/?page_id=6188","url":"https:\/\/www.isa.cnr.it\/web\/?page_id=6188","name":"Publications 2018 - ISTITUTO DI SCIENZE DELL&#039; ALIMENTAZIONE - CNR","isPartOf":{"@id":"https:\/\/www.isa.cnr.it\/web\/#website"},"datePublished":"2018-10-02T14:16:16+00:00","dateModified":"2021-01-07T12:47:57+00:00","breadcrumb":{"@id":"https:\/\/www.isa.cnr.it\/web\/?page_id=6188#breadcrumb"},"inLanguage":"it-IT","potentialAction":[{"@type":"ReadAction","target":["https:\/\/www.isa.cnr.it\/web\/?page_id=6188"]}]},{"@type":"BreadcrumbList","@id":"https:\/\/www.isa.cnr.it\/web\/?page_id=6188#breadcrumb","itemListElement":[{"@type":"ListItem","position":1,"name":"Home","item":"https:\/\/www.isa.cnr.it\/web\/"},{"@type":"ListItem","position":2,"name":"Publications","item":"https:\/\/www.isa.cnr.it\/web\/?page_id=80"},{"@type":"ListItem","position":3,"name":"Pubblicazioni 2018"}]},{"@type":"WebSite","@id":"https:\/\/www.isa.cnr.it\/web\/#website","url":"https:\/\/www.isa.cnr.it\/web\/","name":"ISTITUTO DI SCIENZE DELL&#039; ALIMENTAZIONE - CNR","description":"INSTITUTE OF FOOD SCIENCES - CNR","potentialAction":[{"@type":"SearchAction","target":{"@type":"EntryPoint","urlTemplate":"https:\/\/www.isa.cnr.it\/web\/?s={search_term_string}"},"query-input":{"@type":"PropertyValueSpecification","valueRequired":true,"valueName":"search_term_string"}}],"inLanguage":"it-IT"}]}},"_links":{"self":[{"href":"https:\/\/www.isa.cnr.it\/web\/index.php?rest_route=\/wp\/v2\/pages\/6188"}],"collection":[{"href":"https:\/\/www.isa.cnr.it\/web\/index.php?rest_route=\/wp\/v2\/pages"}],"about":[{"href":"https:\/\/www.isa.cnr.it\/web\/index.php?rest_route=\/wp\/v2\/types\/page"}],"author":[{"embeddable":true,"href":"https:\/\/www.isa.cnr.it\/web\/index.php?rest_route=\/wp\/v2\/users\/2"}],"replies":[{"embeddable":true,"href":"https:\/\/www.isa.cnr.it\/web\/index.php?rest_route=%2Fwp%2Fv2%2Fcomments&post=6188"}],"version-history":[{"count":8,"href":"https:\/\/www.isa.cnr.it\/web\/index.php?rest_route=\/wp\/v2\/pages\/6188\/revisions"}],"predecessor-version":[{"id":6675,"href":"https:\/\/www.isa.cnr.it\/web\/index.php?rest_route=\/wp\/v2\/pages\/6188\/revisions\/6675"}],"up":[{"embeddable":true,"href":"https:\/\/www.isa.cnr.it\/web\/index.php?rest_route=\/wp\/v2\/pages\/80"}],"wp:attachment":[{"href":"https:\/\/www.isa.cnr.it\/web\/index.php?rest_route=%2Fwp%2Fv2%2Fmedia&parent=6188"}],"curies":[{"name":"wp","href":"https:\/\/api.w.org\/{rel}","templated":true}]}}