{"id":1592,"date":"2012-04-20T11:55:25","date_gmt":"2012-04-20T09:55:25","guid":{"rendered":"http:\/\/www.isa.cnr.it\/webisa\/?page_id=1592"},"modified":"2015-01-16T17:30:32","modified_gmt":"2015-01-16T17:30:32","slug":"filesender","status":"publish","type":"page","link":"https:\/\/www.isa.cnr.it\/web\/?page_id=1592","title":{"rendered":"FileSender"},"content":{"rendered":"<div class=\"mceTemp mceIEcenter\" style=\"text-align: justify;\">\n<dl id=\"attachment_1595\" class=\"wp-caption aligncenter\" style=\"width: 283px;\">\n<dt class=\"wp-caption-dt\"><img loading=\"lazy\" decoding=\"async\" class=\"size-full wp-image-1595 \" title=\"Per Inviare File di Grandi Dimensioni\" src=\"http:\/\/www.isa.cnr.it\/web\/wp-content\/uploads\/2012\/04\/Filesender.png\" alt=\"Per Inviare File di Grandi Dimensioni\" width=\"273\" height=\"62\" \/><\/dt>\n<dd class=\"wp-caption-dd\">Per Inviare File di Grandi Dimensioni<\/dd>\n<\/dl>\n<\/div>\n<h3 style=\"text-align: center;\"><span style=\"color: #3366ff;\">(Sistema per invio dei File di Grandi Dimensioni)<br \/>\nPer l&#8217;utilizzo del servizio Seleziona nell&#8217; elenco Organizzazione CNR e \u00a0usare il nome Utente e le Password di SIPER<\/span><\/h3>\n<p>Inviare un allegato di grandi dimensioni non \u00e8 pi\u00f9 un problema grazie al nuovo servizio FileSender messo a disposizione dal GARR. Si tratta di un\u2019applicazione web che permette agli utenti di inviare a qualsiasi destinatario, in modo facile e sicuro, file molto grandi ovviando ai limiti solitamente imposti alla posta elettronica.<\/p>\n<p><span style=\"color: #008000;\">I file inviati vengono caricati su un area di storage temporanea e restano disponibili per il download per un periodo di tempo limitato, dopodich\u00e9 vengono automaticamente cancellati. La sicurezza \u00e8 garantita perch\u00e9 solo i legittimi destinatari sono in grado di scaricare i file. Il servizio pu\u00f2 essere utilizzato solo per l\u2019invio di file e non costituisce una piattaforma di storage o di pubblicazione permanente.<\/span><\/p>\n<h3>FileSender fa parte dell\u2019offerta dei servizi accessibili attraverso la Federazione IDEM ed \u00e8 utilizzabile da tutti gli utenti delle organizzazioni aderenti alla Federazione (<a title=\"FileSender (GARR)\" href=\"http:\/\/www.idem.garr.it\/\" target=\"_blank\">www.idem.garr.it<\/a>). Gli utenti IDEM inoltre possono ricevere file anche da utenti non appartenenti alla Federazione, inviando loro un voucher che li abilita temporaneamente all\u2019uso del servizio.<\/h3>\n<h3 style=\"text-align: center;\"><span style=\"color: #339966;\">Per utilizzare FileSender GARR basta collegarsi all\u2019indirizzo:<\/span><\/h3>\n<h3 style=\"text-align: center;\"><span style=\"color: #339966;\"><br \/>\n<a title=\"FileSender (GARR)\" href=\"https:\/\/filesender.garr.it\/\" target=\"_blank\">https:\/\/filesender.garr.it<\/a><\/span><\/h3>\n<h3 style=\"text-align: center;\"><span style=\"color: #339966;\"><a title=\"FileSender (GARR)\" href=\"https:\/\/filesender.garr.it\/\" target=\"_blank\"><br \/>\n<\/a>ed effettuare il login con le credenziali fornite dalla propria organizzazione<\/span><\/h3>\n<h3 style=\"text-align: center;\"><span style=\"color: #339966;\"> (username e password di Siper)<\/span><\/h3>\n<p><span style=\"color: #339966;\"><br \/>\n<\/span><\/p>\n<h3><span style=\"color: #993300;\"><span style=\"text-decoration: underline;\">Il servizio \u00e8 erogato in collaborazione con CILEA<\/span><\/span><\/h3>\n","protected":false},"excerpt":{"rendered":"<p>Per Inviare File di Grandi Dimensioni (Sistema per invio dei File di Grandi Dimensioni) Per l&#8217;utilizzo del servizio Seleziona nell&#8217; elenco Organizzazione CNR e \u00a0usare il nome Utente e le Password di SIPER Inviare un allegato di grandi dimensioni non&#8230;<br \/><a class=\"read-more-button\" href=\"https:\/\/www.isa.cnr.it\/web\/?page_id=1592\">Leggi il seguito<\/a><\/p>\n","protected":false},"author":3,"featured_media":0,"parent":1306,"menu_order":1030,"comment_status":"closed","ping_status":"closed","template":"","meta":{"ngg_post_thumbnail":0,"footnotes":""},"yoast_head":"<!-- This site is optimized with the Yoast SEO plugin v23.5 - https:\/\/yoast.com\/wordpress\/plugins\/seo\/ -->\n<title>FileSender - ISTITUTO DI SCIENZE DELL&#039; ALIMENTAZIONE - CNR<\/title>\n<meta name=\"robots\" content=\"index, follow, max-snippet:-1, max-image-preview:large, max-video-preview:-1\" \/>\n<link rel=\"canonical\" href=\"https:\/\/www.isa.cnr.it\/web\/?page_id=1592\" \/>\n<meta property=\"og:locale\" content=\"it_IT\" \/>\n<meta property=\"og:type\" content=\"article\" \/>\n<meta property=\"og:title\" content=\"FileSender - ISTITUTO DI SCIENZE DELL&#039; ALIMENTAZIONE - CNR\" \/>\n<meta property=\"og:description\" content=\"Per Inviare File di Grandi Dimensioni (Sistema per invio dei File di Grandi Dimensioni) Per l&#8217;utilizzo del servizio Seleziona nell&#8217; elenco Organizzazione CNR e \u00a0usare il nome Utente e le Password di SIPER Inviare un allegato di grandi dimensioni non...Leggi il seguito\" \/>\n<meta property=\"og:url\" content=\"https:\/\/www.isa.cnr.it\/web\/?page_id=1592\" \/>\n<meta property=\"og:site_name\" content=\"ISTITUTO DI SCIENZE DELL&#039; ALIMENTAZIONE - CNR\" \/>\n<meta property=\"article:modified_time\" content=\"2015-01-16T17:30:32+00:00\" \/>\n<meta property=\"og:image\" content=\"http:\/\/www.isa.cnr.it\/web\/wp-content\/uploads\/2012\/04\/Filesender.png\" \/>\n<meta name=\"twitter:label1\" content=\"Tempo di lettura stimato\" \/>\n\t<meta name=\"twitter:data1\" content=\"1 minuto\" \/>\n<script type=\"application\/ld+json\" class=\"yoast-schema-graph\">{\"@context\":\"https:\/\/schema.org\",\"@graph\":[{\"@type\":\"WebPage\",\"@id\":\"https:\/\/www.isa.cnr.it\/web\/?page_id=1592\",\"url\":\"https:\/\/www.isa.cnr.it\/web\/?page_id=1592\",\"name\":\"FileSender - ISTITUTO DI SCIENZE DELL&#039; ALIMENTAZIONE - CNR\",\"isPartOf\":{\"@id\":\"https:\/\/www.isa.cnr.it\/web\/#website\"},\"primaryImageOfPage\":{\"@id\":\"https:\/\/www.isa.cnr.it\/web\/?page_id=1592#primaryimage\"},\"image\":{\"@id\":\"https:\/\/www.isa.cnr.it\/web\/?page_id=1592#primaryimage\"},\"thumbnailUrl\":\"http:\/\/www.isa.cnr.it\/web\/wp-content\/uploads\/2012\/04\/Filesender.png\",\"datePublished\":\"2012-04-20T09:55:25+00:00\",\"dateModified\":\"2015-01-16T17:30:32+00:00\",\"breadcrumb\":{\"@id\":\"https:\/\/www.isa.cnr.it\/web\/?page_id=1592#breadcrumb\"},\"inLanguage\":\"it-IT\",\"potentialAction\":[{\"@type\":\"ReadAction\",\"target\":[\"https:\/\/www.isa.cnr.it\/web\/?page_id=1592\"]}]},{\"@type\":\"ImageObject\",\"inLanguage\":\"it-IT\",\"@id\":\"https:\/\/www.isa.cnr.it\/web\/?page_id=1592#primaryimage\",\"url\":\"http:\/\/www.isa.cnr.it\/web\/wp-content\/uploads\/2012\/04\/Filesender.png\",\"contentUrl\":\"http:\/\/www.isa.cnr.it\/web\/wp-content\/uploads\/2012\/04\/Filesender.png\"},{\"@type\":\"BreadcrumbList\",\"@id\":\"https:\/\/www.isa.cnr.it\/web\/?page_id=1592#breadcrumb\",\"itemListElement\":[{\"@type\":\"ListItem\",\"position\":1,\"name\":\"Home\",\"item\":\"https:\/\/www.isa.cnr.it\/web\/\"},{\"@type\":\"ListItem\",\"position\":2,\"name\":\"Intranet\",\"item\":\"https:\/\/www.isa.cnr.it\/web\/?page_id=1306\"},{\"@type\":\"ListItem\",\"position\":3,\"name\":\"FileSender\"}]},{\"@type\":\"WebSite\",\"@id\":\"https:\/\/www.isa.cnr.it\/web\/#website\",\"url\":\"https:\/\/www.isa.cnr.it\/web\/\",\"name\":\"ISTITUTO DI SCIENZE DELL&#039; ALIMENTAZIONE - CNR\",\"description\":\"INSTITUTE OF FOOD SCIENCES - CNR\",\"potentialAction\":[{\"@type\":\"SearchAction\",\"target\":{\"@type\":\"EntryPoint\",\"urlTemplate\":\"https:\/\/www.isa.cnr.it\/web\/?s={search_term_string}\"},\"query-input\":{\"@type\":\"PropertyValueSpecification\",\"valueRequired\":true,\"valueName\":\"search_term_string\"}}],\"inLanguage\":\"it-IT\"}]}<\/script>\n<!-- \/ Yoast SEO plugin. -->","yoast_head_json":{"title":"FileSender - ISTITUTO DI SCIENZE DELL&#039; ALIMENTAZIONE - CNR","robots":{"index":"index","follow":"follow","max-snippet":"max-snippet:-1","max-image-preview":"max-image-preview:large","max-video-preview":"max-video-preview:-1"},"canonical":"https:\/\/www.isa.cnr.it\/web\/?page_id=1592","og_locale":"it_IT","og_type":"article","og_title":"FileSender - ISTITUTO DI SCIENZE DELL&#039; ALIMENTAZIONE - CNR","og_description":"Per Inviare File di Grandi Dimensioni (Sistema per invio dei File di Grandi Dimensioni) Per l&#8217;utilizzo del servizio Seleziona nell&#8217; elenco Organizzazione CNR e \u00a0usare il nome Utente e le Password di SIPER Inviare un allegato di grandi dimensioni non...Leggi il seguito","og_url":"https:\/\/www.isa.cnr.it\/web\/?page_id=1592","og_site_name":"ISTITUTO DI SCIENZE DELL&#039; ALIMENTAZIONE - CNR","article_modified_time":"2015-01-16T17:30:32+00:00","og_image":[{"url":"http:\/\/www.isa.cnr.it\/web\/wp-content\/uploads\/2012\/04\/Filesender.png"}],"twitter_misc":{"Tempo di lettura stimato":"1 minuto"},"schema":{"@context":"https:\/\/schema.org","@graph":[{"@type":"WebPage","@id":"https:\/\/www.isa.cnr.it\/web\/?page_id=1592","url":"https:\/\/www.isa.cnr.it\/web\/?page_id=1592","name":"FileSender - ISTITUTO DI SCIENZE DELL&#039; ALIMENTAZIONE - CNR","isPartOf":{"@id":"https:\/\/www.isa.cnr.it\/web\/#website"},"primaryImageOfPage":{"@id":"https:\/\/www.isa.cnr.it\/web\/?page_id=1592#primaryimage"},"image":{"@id":"https:\/\/www.isa.cnr.it\/web\/?page_id=1592#primaryimage"},"thumbnailUrl":"http:\/\/www.isa.cnr.it\/web\/wp-content\/uploads\/2012\/04\/Filesender.png","datePublished":"2012-04-20T09:55:25+00:00","dateModified":"2015-01-16T17:30:32+00:00","breadcrumb":{"@id":"https:\/\/www.isa.cnr.it\/web\/?page_id=1592#breadcrumb"},"inLanguage":"it-IT","potentialAction":[{"@type":"ReadAction","target":["https:\/\/www.isa.cnr.it\/web\/?page_id=1592"]}]},{"@type":"ImageObject","inLanguage":"it-IT","@id":"https:\/\/www.isa.cnr.it\/web\/?page_id=1592#primaryimage","url":"http:\/\/www.isa.cnr.it\/web\/wp-content\/uploads\/2012\/04\/Filesender.png","contentUrl":"http:\/\/www.isa.cnr.it\/web\/wp-content\/uploads\/2012\/04\/Filesender.png"},{"@type":"BreadcrumbList","@id":"https:\/\/www.isa.cnr.it\/web\/?page_id=1592#breadcrumb","itemListElement":[{"@type":"ListItem","position":1,"name":"Home","item":"https:\/\/www.isa.cnr.it\/web\/"},{"@type":"ListItem","position":2,"name":"Intranet","item":"https:\/\/www.isa.cnr.it\/web\/?page_id=1306"},{"@type":"ListItem","position":3,"name":"FileSender"}]},{"@type":"WebSite","@id":"https:\/\/www.isa.cnr.it\/web\/#website","url":"https:\/\/www.isa.cnr.it\/web\/","name":"ISTITUTO DI SCIENZE DELL&#039; ALIMENTAZIONE - CNR","description":"INSTITUTE OF FOOD SCIENCES - CNR","potentialAction":[{"@type":"SearchAction","target":{"@type":"EntryPoint","urlTemplate":"https:\/\/www.isa.cnr.it\/web\/?s={search_term_string}"},"query-input":{"@type":"PropertyValueSpecification","valueRequired":true,"valueName":"search_term_string"}}],"inLanguage":"it-IT"}]}},"_links":{"self":[{"href":"https:\/\/www.isa.cnr.it\/web\/index.php?rest_route=\/wp\/v2\/pages\/1592"}],"collection":[{"href":"https:\/\/www.isa.cnr.it\/web\/index.php?rest_route=\/wp\/v2\/pages"}],"about":[{"href":"https:\/\/www.isa.cnr.it\/web\/index.php?rest_route=\/wp\/v2\/types\/page"}],"author":[{"embeddable":true,"href":"https:\/\/www.isa.cnr.it\/web\/index.php?rest_route=\/wp\/v2\/users\/3"}],"replies":[{"embeddable":true,"href":"https:\/\/www.isa.cnr.it\/web\/index.php?rest_route=%2Fwp%2Fv2%2Fcomments&post=1592"}],"version-history":[{"count":5,"href":"https:\/\/www.isa.cnr.it\/web\/index.php?rest_route=\/wp\/v2\/pages\/1592\/revisions"}],"predecessor-version":[{"id":3092,"href":"https:\/\/www.isa.cnr.it\/web\/index.php?rest_route=\/wp\/v2\/pages\/1592\/revisions\/3092"}],"up":[{"embeddable":true,"href":"https:\/\/www.isa.cnr.it\/web\/index.php?rest_route=\/wp\/v2\/pages\/1306"}],"wp:attachment":[{"href":"https:\/\/www.isa.cnr.it\/web\/index.php?rest_route=%2Fwp%2Fv2%2Fmedia&parent=1592"}],"curies":[{"name":"wp","href":"https:\/\/api.w.org\/{rel}","templated":true}]}}